{"id":151,"date":"2020-07-11T16:20:40","date_gmt":"2020-07-11T16:20:40","guid":{"rendered":"https:\/\/midgardboardgames.yum.pl\/?page_id=151"},"modified":"2020-07-11T16:41:54","modified_gmt":"2020-07-11T16:41:54","slug":"paczkomaty-inpost","status":"publish","type":"page","link":"https:\/\/midgardboardgames.com\/?page_id=151","title":{"rendered":"paczkomaty inPost"},"content":{"rendered":"\n<div class=\"wp-block-media-text alignwide is-stacked-on-mobile\" style=\"grid-template-columns:20% auto\"><figure class=\"wp-block-media-text__media\"><img loading=\"lazy\" decoding=\"async\" width=\"200\" height=\"200\" src=\"https:\/\/midgardboardgames.yum.pl\/wp-content\/uploads\/2020\/07\/paczkomaty_logo-RGB_on_yellow-200x200-1.png\" alt=\"\" class=\"wp-image-154\" srcset=\"https:\/\/midgardboardgames.com\/wp-content\/uploads\/2020\/07\/paczkomaty_logo-RGB_on_yellow-200x200-1.png 200w, https:\/\/midgardboardgames.com\/wp-content\/uploads\/2020\/07\/paczkomaty_logo-RGB_on_yellow-200x200-1-150x150.png 150w, https:\/\/midgardboardgames.com\/wp-content\/uploads\/2020\/07\/paczkomaty_logo-RGB_on_yellow-200x200-1-100x100.png 100w\" sizes=\"(max-width: 200px) 100vw, 200px\" \/><\/figure><div class=\"wp-block-media-text__content\">\n<p>Paczkomat InPost&nbsp;to system skrytek pocztowych, s\u0142u\u017c\u0105cy do odbierania paczek 24 godziny na dob\u0119 przez 7 dni w tygodniu &#8211; wygodnie, po drodze, w dogodnym dla Ciebie czasie.<\/p>\n\n\n\n<p>Koszt paczki inPost nadanej do paczkomatu, bez wzgl\u0119du na gabaryt to <strong>11,50 z\u0142<\/strong><\/p>\n\n\n\n<p>Lokalizacj\u0119 paczkomat\u00f3w mog\u0105 Pa\u0144stwo znale\u017a\u0107&nbsp;<strong><a href=\"https:\/\/paczkomaty.pl\/pl\/dla-ciebie\/znajdz-paczkomat\">tutaj<\/a><\/strong>&nbsp;.<\/p>\n\n\n\n<p>Og\u00f3lne informacje o paczkomatach s\u0105&nbsp;<strong><a href=\"https:\/\/paczkomaty.pl\/pl\/dla-ciebie\/jak-to-dziala\/korzysci\">tutaj<\/a><\/strong>&nbsp;.<\/p>\n<\/div><\/div>\n","protected":false},"excerpt":{"rendered":"<p>Paczkomat InPost&nbsp;to system skrytek pocztowych, s\u0142u\u017c\u0105cy do odbierania paczek 24 godziny na dob\u0119 przez 7 dni w tygodniu &#8211; wygodnie, po drodze, w dogodnym dla Ciebie czasie. Koszt paczki inPost nadanej do paczkomatu, bez wzgl\u0119du na gabaryt to 11,50 z\u0142 Lokalizacj\u0119 paczkomat\u00f3w mog\u0105 Pa\u0144stwo znale\u017a\u0107&nbsp;tutaj&nbsp;. Og\u00f3lne informacje o paczkomatach s\u0105&nbsp;tutaj&nbsp;.<\/p>\n","protected":false},"author":1,"featured_media":0,"parent":0,"menu_order":0,"comment_status":"closed","ping_status":"closed","template":"","meta":{"footnotes":""},"_links":{"self":[{"href":"https:\/\/midgardboardgames.com\/index.php?rest_route=\/wp\/v2\/pages\/151"}],"collection":[{"href":"https:\/\/midgardboardgames.com\/index.php?rest_route=\/wp\/v2\/pages"}],"about":[{"href":"https:\/\/midgardboardgames.com\/index.php?rest_route=\/wp\/v2\/types\/page"}],"author":[{"embeddable":true,"href":"https:\/\/midgardboardgames.com\/index.php?rest_route=\/wp\/v2\/users\/1"}],"replies":[{"embeddable":true,"href":"https:\/\/midgardboardgames.com\/index.php?rest_route=%2Fwp%2Fv2%2Fcomments&post=151"}],"version-history":[{"count":4,"href":"https:\/\/midgardboardgames.com\/index.php?rest_route=\/wp\/v2\/pages\/151\/revisions"}],"predecessor-version":[{"id":161,"href":"https:\/\/midgardboardgames.com\/index.php?rest_route=\/wp\/v2\/pages\/151\/revisions\/161"}],"wp:attachment":[{"href":"https:\/\/midgardboardgames.com\/index.php?rest_route=%2Fwp%2Fv2%2Fmedia&parent=151"}],"curies":[{"name":"wp","href":"https:\/\/api.w.org\/{rel}","templated":true}]}}