{"id":158,"date":"2020-07-11T16:37:09","date_gmt":"2020-07-11T16:37:09","guid":{"rendered":"https:\/\/midgardboardgames.yum.pl\/?page_id=158"},"modified":"2020-07-11T16:40:43","modified_gmt":"2020-07-11T16:40:43","slug":"przesylka-kurierska-dpd","status":"publish","type":"page","link":"https:\/\/midgardboardgames.com\/?page_id=158","title":{"rendered":"przesy\u0142ka kurierska DPD"},"content":{"rendered":"\n<div class=\"wp-block-media-text alignwide is-stacked-on-mobile\" style=\"grid-template-columns:22% auto\"><figure class=\"wp-block-media-text__media\"><img loading=\"lazy\" decoding=\"async\" width=\"339\" height=\"149\" src=\"https:\/\/midgardboardgames.yum.pl\/wp-content\/uploads\/2020\/07\/dpd.png\" alt=\"\" class=\"wp-image-153\" srcset=\"https:\/\/midgardboardgames.com\/wp-content\/uploads\/2020\/07\/dpd.png 339w, https:\/\/midgardboardgames.com\/wp-content\/uploads\/2020\/07\/dpd-300x132.png 300w\" sizes=\"(max-width: 339px) 100vw, 339px\" \/><\/figure><div class=\"wp-block-media-text__content\">\n<p>Przesy\u0142ki kurierskie realizowane s\u0105 za po\u015brednictwem DPD.<\/p>\n\n\n\n<p>Cena kuriera DPD to <strong>15 z\u0142<\/strong><\/p>\n\n\n\n<p>Strona gdzie mo\u017cna \u015bledzi\u0107 przesy\u0142ki znajduje si\u0119\u00a0<a href=\"https:\/\/www.dpd.com.pl\/Zlokalizuj-paczke\"><strong>tutaj<\/strong>\u00a0.<\/a><\/p>\n<\/div><\/div>\n\n\n\n<p><\/p>\n","protected":false},"excerpt":{"rendered":"<p>Przesy\u0142ki kurierskie realizowane s\u0105 za po\u015brednictwem DPD. Cena kuriera DPD to 15 z\u0142 Strona gdzie mo\u017cna \u015bledzi\u0107 przesy\u0142ki znajduje si\u0119\u00a0tutaj\u00a0.<\/p>\n","protected":false},"author":1,"featured_media":0,"parent":0,"menu_order":0,"comment_status":"closed","ping_status":"closed","template":"","meta":{"footnotes":""},"_links":{"self":[{"href":"https:\/\/midgardboardgames.com\/index.php?rest_route=\/wp\/v2\/pages\/158"}],"collection":[{"href":"https:\/\/midgardboardgames.com\/index.php?rest_route=\/wp\/v2\/pages"}],"about":[{"href":"https:\/\/midgardboardgames.com\/index.php?rest_route=\/wp\/v2\/types\/page"}],"author":[{"embeddable":true,"href":"https:\/\/midgardboardgames.com\/index.php?rest_route=\/wp\/v2\/users\/1"}],"replies":[{"embeddable":true,"href":"https:\/\/midgardboardgames.com\/index.php?rest_route=%2Fwp%2Fv2%2Fcomments&post=158"}],"version-history":[{"count":2,"href":"https:\/\/midgardboardgames.com\/index.php?rest_route=\/wp\/v2\/pages\/158\/revisions"}],"predecessor-version":[{"id":160,"href":"https:\/\/midgardboardgames.com\/index.php?rest_route=\/wp\/v2\/pages\/158\/revisions\/160"}],"wp:attachment":[{"href":"https:\/\/midgardboardgames.com\/index.php?rest_route=%2Fwp%2Fv2%2Fmedia&parent=158"}],"curies":[{"name":"wp","href":"https:\/\/api.w.org\/{rel}","templated":true}]}}