{"id":162,"date":"2020-07-11T16:43:05","date_gmt":"2020-07-11T16:43:05","guid":{"rendered":"https:\/\/midgardboardgames.yum.pl\/?page_id=162"},"modified":"2020-07-11T16:43:05","modified_gmt":"2020-07-11T16:43:05","slug":"czas-realizacji","status":"publish","type":"page","link":"https:\/\/midgardboardgames.com\/?page_id=162","title":{"rendered":"czas realizacji"},"content":{"rendered":"\n<p>Zam\u00f3wienia wysy\u0142amy w 24 godziny od daty uiszczenia wp\u0142aty (lub wybrania opcji za pobraniem). Oczywi\u015bcie w soboty i niedziele zam\u00f3wie\u0144 nie wysy\u0142amy.<\/p>\n\n\n\n<p>Zam\u00f3wienia z\u0142o\u017cone do po\u0142udnia z regu\u0142y wysy\u0142amy ju\u017c tego samego dnia. Zam\u00f3wienia z\u0142o\u017cone p\u00f3\u017aniej mog\u0105 ju\u017c by\u0107 wys\u0142ane nast\u0119pnego dnia roboczego. Zam\u00f3wienia z\u0142o\u017cone po 15:00 b\u0119d\u0105 ju\u017c na pewno wys\u0142ane w nast\u0119pnym dniu roboczym.<\/p>\n","protected":false},"excerpt":{"rendered":"<p>Zam\u00f3wienia wysy\u0142amy w 24 godziny od daty uiszczenia wp\u0142aty (lub wybrania opcji za pobraniem). Oczywi\u015bcie w soboty i niedziele zam\u00f3wie\u0144 nie wysy\u0142amy. Zam\u00f3wienia z\u0142o\u017cone do po\u0142udnia z regu\u0142y wysy\u0142amy ju\u017c tego samego dnia. Zam\u00f3wienia z\u0142o\u017cone p\u00f3\u017aniej mog\u0105 ju\u017c by\u0107 wys\u0142ane nast\u0119pnego dnia roboczego. Zam\u00f3wienia z\u0142o\u017cone po 15:00 b\u0119d\u0105 ju\u017c na pewno wys\u0142ane w nast\u0119pnym dniu [&hellip;]<\/p>\n","protected":false},"author":1,"featured_media":0,"parent":0,"menu_order":0,"comment_status":"closed","ping_status":"closed","template":"","meta":{"footnotes":""},"_links":{"self":[{"href":"https:\/\/midgardboardgames.com\/index.php?rest_route=\/wp\/v2\/pages\/162"}],"collection":[{"href":"https:\/\/midgardboardgames.com\/index.php?rest_route=\/wp\/v2\/pages"}],"about":[{"href":"https:\/\/midgardboardgames.com\/index.php?rest_route=\/wp\/v2\/types\/page"}],"author":[{"embeddable":true,"href":"https:\/\/midgardboardgames.com\/index.php?rest_route=\/wp\/v2\/users\/1"}],"replies":[{"embeddable":true,"href":"https:\/\/midgardboardgames.com\/index.php?rest_route=%2Fwp%2Fv2%2Fcomments&post=162"}],"version-history":[{"count":1,"href":"https:\/\/midgardboardgames.com\/index.php?rest_route=\/wp\/v2\/pages\/162\/revisions"}],"predecessor-version":[{"id":163,"href":"https:\/\/midgardboardgames.com\/index.php?rest_route=\/wp\/v2\/pages\/162\/revisions\/163"}],"wp:attachment":[{"href":"https:\/\/midgardboardgames.com\/index.php?rest_route=%2Fwp%2Fv2%2Fmedia&parent=162"}],"curies":[{"name":"wp","href":"https:\/\/api.w.org\/{rel}","templated":true}]}}