{"id":27,"date":"2020-07-05T19:42:11","date_gmt":"2020-07-05T19:42:11","guid":{"rendered":"https:\/\/midgardboardgames.yum.pl\/?page_id=27"},"modified":"2020-07-05T19:42:11","modified_gmt":"2020-07-05T19:42:11","slug":"polityka-prywatnosci-i-cookies","status":"publish","type":"page","link":"https:\/\/midgardboardgames.com\/?page_id=27","title":{"rendered":"Polityka prywatno\u015bci i cookies"},"content":{"rendered":"\n<h1 class=\"wp-block-heading\"><strong>Polityka prywatno\u015bci sklepu midgardboardgames.pl<\/strong><\/h1>\n\n\n\n<p>Zak\u0142adaj\u0105c konto klienta na naszej stronie, dokonuj\u0105c u Nas zakup\u00f3w, mo\u017cesz zosta\u0107 poproszony o podanie swoich danych osobowych oraz o akceptacj\u0119 poni\u017cszej Polityki prywatno\u015bci.<br><br>Polityka przedstawia najwa\u017cniejsze informacje zwi\u0105zane z przetwarzaniem przez Nas danych osobowych, a tym samym realizuje obowi\u0105zek informacyjny wynikaj\u0105cy z og\u00f3lnego rozporz\u0105dzenia o ochronie danych RODO.<\/p>\n\n\n\n<h1 class=\"wp-block-heading\">Administrator danych osobowych<\/h1>\n\n\n\n<p>Administratorem danych osobowych jest Jakub Markowski, przedsi\u0119biorca prowadz\u0105cy dzia\u0142a\u0142no\u015b\u0107 gospodarcz\u0105 pod nazw\u0105&nbsp;IT Solutions Jakub Markowski NIP: 113 250 85 00, REGON: 361546883 z siedzib\u0105 przy ul. Z\u0105bkowska 23\/25, 03-736 Warszawa, wpisany do Centralnej Ewidencji Dzia\u0142alno\u015bci Gospodarczej.<br><br>Kontakt z Administratorem danych osobowych mo\u017cliwy jest poczt\u0105 tradycyjn\u0105 na podany powy\u017cej adres oraz poczt\u0105 elektroniczn\u0105 na adres&nbsp;midgard@midgardboardgames.pl<\/p>\n\n\n\n<h1 class=\"wp-block-heading\">Dane osobowe<\/h1>\n\n\n\n<h2 class=\"wp-block-heading\">Cel przetwarzania danych<\/h2>\n\n\n\n<p><br>Twoje dane osobowe b\u0119d\u0105 przetwarzane w poni\u017cszych celach:<\/p>\n\n\n\n<ul><li>realizacja zam\u00f3wie\u0144 z\u0142o\u017conych w Sklepie<\/li><li>prowadzenie Twojego konta klienta w Sklepie<\/li><li>\u015bwiadczenia us\u0142ug realizowanych w Sklepie<\/li><li>rozpatrywanie ewentualnych skarg i reklamacji<\/li><li>marketing bezpo\u015bredni oferowanych us\u0142ug, inny ni\u017c newsletter<\/li><\/ul>\n\n\n\n<p><br>Dane nie s\u0105 wykorzystywane do podejmowania zautomatyzowanych decyzji, czyli tzw. profilowania<br><br>Podanie danych ma charakter dobrowolny, ale mo\u017ce by\u0107 niezb\u0119dne do realizacji umowy. W szczeg\u00f3lno\u015bci, w przypadku braku podania danych nie b\u0119dzie mo\u017cliwe:<\/p>\n\n\n\n<ul><li>za\u0142o\u017cenie i prowadzenie konta klienta w Sklepie<\/li><li>z\u0142o\u017cenie zam\u00f3wie\u0144 w Sklepie<\/li><li>korzystanie z innych us\u0142ug Sklepu<\/li><li>otrzymywanie informacji o ofertach i dzia\u0142aniach Sklepu<\/li><\/ul>\n\n\n\n<p><br>W ka\u017cdej chwili masz prawo cofni\u0119cia zgody na przetwarzanie danych, w tych przypadkach, w kt\u00f3rych dane przetwarzane s\u0105 na podstawie zgody.<\/p>\n\n\n\n<h2 class=\"wp-block-heading\">Podstawa przetwarzania danych<\/h2>\n\n\n\n<p><br>Stosownie do ka\u017cdego z ww. cel\u00f3w, podstaw\u0105 przetwarzania Twoich danych jest:<\/p>\n\n\n\n<ul><li>umowa sprzeda\u017cy lub dzia\u0142ania podejmowane na Twoje \u017c\u0105danie, zmierzaj\u0105ce do jej zawarcia (art. 6 ust. 1 lit. b RODO)<\/li><li>ci\u0105\u017c\u0105cy na nas obowi\u0105zek prawny, np. zwi\u0105zany z rachunkowo\u015bci\u0105 (art. 6 ust. 1 lit. c RODO)<\/li><li>Twoja zgoda wyra\u017cona w Sklepie (art. 6 ust. 1 lit. a RODO)<\/li><li>Nasz prawnie uzasadniony interes, polegaj\u0105cy na przetwarzaniu danych w celu ustalenia, dochodzenia lub obrony ewentualnych roszcze\u0144 (art. 6 ust. 1 lit. f RODO)<\/li><li>Nasz prawnie uzasadniony interes, polegaj\u0105cy na prowadzeniu marketingu bezpo\u015bredniego (art. 6 ust. 1 lit. f RODO)<\/li><li>Nasz prawnie uzasadniony interes polegaj\u0105cy na przetwarzaniu danych w celach analitycznych i statystycznych (art. 6 ust. 1 lit. f RODO)<\/li><li>Nasz prawnie uzasadniony interes polegaj\u0105cy na badaniu satysfakcji klient\u00f3w (art. 6 ust. 1 lit. f RODO)<\/li><\/ul>\n\n\n\n<h1 class=\"wp-block-heading\">Twoje uprawnienia<\/h1>\n\n\n\n<p>Przys\u0142uguje Ci prawo \u017c\u0105dania:<\/p>\n\n\n\n<ul><li>dost\u0119pu do Twoich danych<\/li><li>sprostowania Twoich danych<\/li><li>usuni\u0119cia lub ograniczenia przetwarzania Twoich danych<\/li><li>przeniesienia Twoich danych do innego administratora<\/li><\/ul>\n\n\n\n<p><br>Przys\u0142uguje Ci r\u00f3wnie\u017c prawo do wniesienia w dowolnym momencie sprzeciwu wobec przetwarzania Twoich danych:<\/p>\n\n\n\n<ul><li>z przyczyn zwi\u0105zanych z Twoj\u0105 szczeg\u00f3ln\u0105 sytuacj\u0105 \u2013 wobec przetwarzania dotycz\u0105cych Ciebie danych osobowych na podstawie prawnie uzasadnionych interesach Administratora (art. 6 ust. 1 lit. f RODO)<\/li><li>je\u017celi dane osobowe s\u0105 przetwarzane na potrzeby marketingu bezpo\u015bredniego, w zakresie, w jakim przetwarzanie jest zwi\u0105zane z takim marketingiem bezpo\u015brednim.<\/li><\/ul>\n\n\n\n<p>Skontaktuj si\u0119 z nami, w spos\u00f3b opisany powy\u017cej, je\u015bli chcesz skorzysta\u0107 ze swoich praw.<br><br>Je\u015bli uznasz, \u017ce Twoje dane s\u0105 przetwarzane niezgodnie z prawem, mo\u017cesz z\u0142o\u017cy\u0107 skarg\u0119 do organu nadzorczego.<\/p>\n\n\n\n<h1 class=\"wp-block-heading\">Udost\u0119pnianie danych innym podmiotom<\/h1>\n\n\n\n<p>Do realizacji naszych us\u0142ug w pewnym zakresie korzystamy z us\u0142ug podmiot\u00f3w zewn\u0119trznych, kt\u00f3rym mog\u0105 by\u0107 przekazywane Twoje dane. Poni\u017cej znajduje si\u0119 lista mo\u017cliwych odbiorc\u00f3w Twoich danych:<\/p>\n\n\n\n<ul><li>dostawca infrastruktury informatycznej niezb\u0119dnej do prowadzenia sklepu internetowego &#8211; przechowuje baz\u0119 kont klient\u00f3w Sklepu, baz\u0119 bie\u017c\u0105cych i zrealizowanych zam\u00f3wie\u0144, zapisuje tzw. logi serwera (data, otwierana strona, adres IP odwiedzaj\u0105cego, ilo\u015b\u0107 przes\u0142anych danychm dentyfikator przegl\u0105darki)<\/li><li>podmiot realizuj\u0105cy dostaw\u0119 towar\u00f3w (firmy przewozowe, broker us\u0142ug kurierskich) &#8211; wtedy kiedy jest to niezb\u0119dne do realizacji zam\u00f3wienia<\/li><li>dostawca systemu p\u0142atno\u015bci on-line &#8211; wtedy kiedy jest to niezb\u0119dne do realizacji zam\u00f3wienia<\/li><li>biuro ksi\u0119gowe<\/li><li>podmiot zapewniaj\u0105cy us\u0142ugi statystyczne<\/li><li>podmiot zapewniaj\u0105cy przechowywanie kopii zapasowych danych<\/li><\/ul>\n\n\n\n<p><br>W szczeg\u00f3lnych przypadkach dane mog\u0105 zosta\u0107 przekazane organom publicznym tam gdzie Administrator jest do tego zobowi\u0105zany.<\/p>\n\n\n\n<h1 class=\"wp-block-heading\">Okres przetwarzania<\/h1>\n\n\n\n<p>Twoje dane b\u0119dziemy przetwarza\u0107 tylko przez okres, w kt\u00f3rym b\u0119dziemy mie\u0107 ku temu podstaw\u0119 prawn\u0105, a wi\u0119c do momentu, w kt\u00f3rym:<\/p>\n\n\n\n<ul><li>cofniesz zgod\u0119 na przetwarzanie danych, je\u015bli to ona by\u0142a jego podstaw\u0105<\/li><li>przestanie ci\u0105\u017cy\u0107 na nas obowi\u0105zek prawny, zobowi\u0105zuj\u0105cy nas do przetwarzania Twoich danych<\/li><li>ustanie mo\u017cliwo\u015b\u0107 ustalania, dochodzenia lub obrony ewentualnych roszcze\u0144 zwi\u0105zanych z umow\u0105 zawart\u0105 przez Sklep przez strony<\/li><li>zostanie przyj\u0119ty Tw\u00f3j sprzeciw wobec przetwarzania Twoich danych osobowych &#8211; w przypadku gdy podstaw\u0105 przetwarzania tych danych by\u0142 Nasz uzasadniony interes lub gdy dane by\u0142y przetwarzane w celu marketingu bezpo\u015bredniego (newsletter)<\/li><\/ul>\n\n\n\n<h1 class=\"wp-block-heading\">Bezpiecze\u0144stwo danych<\/h1>\n\n\n\n<p>Dok\u0142adamy wszelkich stara\u0144 aby przetwarzane przez Nas dane by\u0142y bezpieczne. Stosujemy wymagane przepisami prawa \u015brodki organizacyjne i techniczne oraz procedury bezpiecze\u0144stwa w celu zabezpieczenia danych przed dost\u0119pem os\u00f3b nieupowa\u017cnionych, ich nieupowa\u017cnionym wykorzystaniem lub utrat\u0105.<\/p>\n\n\n\n<h1 class=\"wp-block-heading\">Pliki cookies<\/h1>\n\n\n\n<p>Pliki cookies wykorzystywane s\u0105 do zapami\u0119tywania informacji o Twojej sesji, a tym samym pozwalaj\u0105 na mo\u017cliwo\u015b\u0107 zalogowania si\u0119 do Sklepu czy przechowania informacji o koszyku.<br>Pliki cookies wykorzystujemy te\u017c w celu zdobycia informacji o tym, kt\u00f3re z naszych stron, w jakim stopniu s\u0105 odwiedzane, a kt\u00f3re nie. W szczeg\u00f3lno\u015bci cookies potrzebne s\u0105 do korzystania z narz\u0119dzi takich jak Google Analytics oraz Facebook Pixel. Dzi\u0119ki temu mamy mo\u017cliwo\u015b\u0107 gromadzenia i analizowania danych o ruchu na naszych stronach, a przez to udoskonalania i optymalizowania jej.<br><br>Data ostatniej aktualizacji polityki: 24.10.2019<\/p>\n","protected":false},"excerpt":{"rendered":"<p>Polityka prywatno\u015bci sklepu midgardboardgames.pl Zak\u0142adaj\u0105c konto klienta na naszej stronie, dokonuj\u0105c u Nas zakup\u00f3w, mo\u017cesz zosta\u0107 poproszony o podanie swoich danych osobowych oraz o akceptacj\u0119 poni\u017cszej Polityki prywatno\u015bci. Polityka przedstawia najwa\u017cniejsze informacje zwi\u0105zane z przetwarzaniem przez Nas danych osobowych, a tym samym realizuje obowi\u0105zek informacyjny wynikaj\u0105cy z og\u00f3lnego rozporz\u0105dzenia o ochronie danych RODO. Administrator danych [&hellip;]<\/p>\n","protected":false},"author":1,"featured_media":0,"parent":0,"menu_order":0,"comment_status":"closed","ping_status":"closed","template":"","meta":{"footnotes":""},"_links":{"self":[{"href":"https:\/\/midgardboardgames.com\/index.php?rest_route=\/wp\/v2\/pages\/27"}],"collection":[{"href":"https:\/\/midgardboardgames.com\/index.php?rest_route=\/wp\/v2\/pages"}],"about":[{"href":"https:\/\/midgardboardgames.com\/index.php?rest_route=\/wp\/v2\/types\/page"}],"author":[{"embeddable":true,"href":"https:\/\/midgardboardgames.com\/index.php?rest_route=\/wp\/v2\/users\/1"}],"replies":[{"embeddable":true,"href":"https:\/\/midgardboardgames.com\/index.php?rest_route=%2Fwp%2Fv2%2Fcomments&post=27"}],"version-history":[{"count":1,"href":"https:\/\/midgardboardgames.com\/index.php?rest_route=\/wp\/v2\/pages\/27\/revisions"}],"predecessor-version":[{"id":28,"href":"https:\/\/midgardboardgames.com\/index.php?rest_route=\/wp\/v2\/pages\/27\/revisions\/28"}],"wp:attachment":[{"href":"https:\/\/midgardboardgames.com\/index.php?rest_route=%2Fwp%2Fv2%2Fmedia&parent=27"}],"curies":[{"name":"wp","href":"https:\/\/api.w.org\/{rel}","templated":true}]}}