{"id":31,"date":"2020-07-05T19:49:47","date_gmt":"2020-07-05T19:49:47","guid":{"rendered":"https:\/\/midgardboardgames.yum.pl\/?page_id=31"},"modified":"2020-07-11T15:50:54","modified_gmt":"2020-07-11T15:50:54","slug":"regulamin-sklepu-internetowego-midgardboardgames-pl","status":"publish","type":"page","link":"https:\/\/midgardboardgames.com\/?page_id=31","title":{"rendered":"Regulamin"},"content":{"rendered":"\n<p>Sklep internetowy&nbsp;<a href=\"https:\/\/sklep470101.shoparena.pl\/\">https:\/\/midgardboardgames.pl\/<\/a>&nbsp;prowadzony jest przez firm\u0119&nbsp;IT Solutions Jakub Markowski NIP: 1132508500, REGON: 361546883 z siedzib\u0105 przy ul. Z\u0105bkowskiej 23\/25 , 03-736 Warszawa, wpisan\u0105 do Centralnej Ewidencji Dzia\u0142alno\u015bci Gospodarczej<\/p>\n\n\n\n<ol><li>Sklep internetowy prowadzi sprzeda\u017c za po\u015brednictwem sieci Internet.<\/li><li>Wszelkie informacje na temat Sklepu, zam\u00f3wie\u0144, reklamacji, itp. mo\u017cna uzyska\u0107 pod numerem telefonu\u00a0501 142 299 (op\u0142ata zgodnie z cennikiem operatora) w dni robocze, w godzinach 08:00-16:00 lub pod adresem e-mail\u00a0<a href=\"mailto:midgard@midgardboardgames.pl\">midgard@midgardboardgames.pl<\/a><\/li><li>Ceny widniej\u0105ce w opisach towar\u00f3w s\u0105 podawane w z\u0142otych polskich, s\u0105 cenami brutto (zawieraj\u0105 VAT). Obowi\u0105zuj\u0105c\u0105 dla klienta jest cena znajduj\u0105ca si\u0119 przy towarze na ekranie potwierdzenia zam\u00f3wienia.<\/li><li>Sklep zastrzega sobie prawo do zmiany cen towar\u00f3w znajduj\u0105cych si\u0119 w ofercie, wprowadzania nowych towar\u00f3w do oferty sklepu, przeprowadzania i odwo\u0142ywania akcji promocyjnych na stronach sklepu b\u0105d\u017a wprowadzania w nich zmian.<\/li><li>Podana cena obejmuje koszty zwi\u0105zane z przygotowaniem zam\u00f3wienia do wysy\u0142ki (pakowanie itp&#8230;)<\/li><li>Zam\u00f3wienia sk\u0142adane s\u0105 za po\u015brednictwem strony\u00a0<a href=\"https:\/\/sklep470101.shoparena.pl\/\">https:\/\/midgardboardgames.pl\/<\/a>\u00a0<br>W szczeg\u00f3lnych przypadkach zam\u00f3wienia mog\u0105 by\u0107 sk\u0142adane poczt\u0105 elektroniczn\u0105 na adres\u00a0<a href=\"mailto:midgard@midgardboardgames.pl\">midgard@midgardboardgames.pl<\/a><\/li><li>Po z\u0142o\u017ceniu zam\u00f3wienia klient otrzymuje poczt\u0105 elektroniczn\u0105 informacj\u0119 o jego przyj\u0119ciu na adres email podany w formularzu podczas sk\u0142adania zam\u00f3wienia. W tre\u015bci tej wiadomo\u015bci znajduj\u0105 si\u0119 nast\u0119puj\u0105ce informacje: liczba i cena brutto (zawieraj\u0105ca VAT) zam\u00f3wionych produkt\u00f3w, koszty dostawy i p\u0142atno\u015bci, przewidywany czas realizacji zam\u00f3wienia<\/li><li>Realizacja zam\u00f3wienia rozpoczyna si\u0119 po otrzymaniu wp\u0142aty<\/li><li>Klient mo\u017ce zmodyfikowa\u0107 zam\u00f3wienie do momentu jego wys\u0142ania kontaktuj\u0105c si\u0119 ze sklepem e-mailowo lub telefonicznie<\/li><li>Klient mo\u017ce anulowa\u0107 zam\u00f3wienie do momentu jego wys\u0142ania kontaktuj\u0105c si\u0119 ze sklepem e-mailowo lub telefonicznie.<\/li><li>Czas realizacji zam\u00f3wienia podany przy poszczeg\u00f3lnych produktach to czas jaki up\u0142ywa od momentu potwierdzenia zam\u00f3wienia do jego wysy\u0142ki. Liczone s\u0105 tutaj tylko dni robocze. W przypadku zakupu kilku produkt\u00f3w o r\u00f3\u017cnym podanym czasie realizacji, ca\u0142kowity czas realizacji ca\u0142ego zam\u00f3wienia, r\u00f3wny b\u0119dzie najd\u0142u\u017cszemu czasowi realizacji.<\/li><li>Termin otrzymania zam\u00f3wienia przez klienta to czas realizacji zam\u00f3wienia powi\u0119kszony o czas dostawy zam\u00f3wienia, zale\u017cny od wybranej formy przesy\u0142ki<\/li><li>Produkty, przy kt\u00f3rych podana jest informacja o czasie realizacji d\u0142u\u017cszym ni\u017c 24h s\u0105 sprowadzane na zam\u00f3wienie. W tych przypadkach sklep nie gwarantuje realizacji zam\u00f3wienia, je\u015bli wyczerpie si\u0119 nak\u0142ad produktu lub \u017caden z dostawc\u00f3w nie b\u0119dzie m\u00f3g\u0142 danego produktu dostarczy\u0107. W takiej sytuacji Klient jest informowany o stanie zam\u00f3wienia i podejmuje decyzje o sposobie jego realizacji (cz\u0119\u015bciowa realizacja, wyd\u0142u\u017cenie czasu oczekiwania, anulowanie ca\u0142o\u015bci zam\u00f3wienia).<\/li><li>Do ka\u017cdego zam\u00f3wienia do\u0142\u0105czana jest faktura VAT.<\/li><li>Mo\u017cliwe formy p\u0142atno\u015bci to:<ul><li>przelewem na konto sklepu<\/li><li>przelewem elektronicznym*<\/li><\/ul><\/li><li>Podmiotem \u015bwiadcz\u0105cym obs\u0142ug\u0119 p\u0142atno\u015bci online drog\u0105 elektroniczn\u0105 tpay.com<\/li><li>Zgodnie z Ustaw\u0105 z dnia 30 maja 2014 roku o prawach konsumenta klient mo\u017ce zrezygnowa\u0107 z zakupionego produktu (zrezygnowa\u0107 z zawartej umowy) bez podania przyczyny i bez ponoszenia koszt\u00f3w w ci\u0105gu 14 dni od dnia odebrania zam\u00f3wienia<\/li><li>W celu odst\u0105pienia od umowy Klient powinien przes\u0142a\u0107 stosowne o\u015bwiadczenie e-mailem na adres\u00a0<a href=\"mailto:midgard@midgardboardgames.pl\">midgard@midgardboardgames.pl<\/a>, a nast\u0119pnie odes\u0142a\u0107 towar na adres sklepu podany na stronie\u00a0<a href=\"http:\/\/www.planszomania.pl\/about\/\">O nas<\/a>. Nie p\u00f3\u017aniej ni\u017c w terminie 7 dni od dnia otrzymania o\u015bwiadczenia klienta o odst\u0105pieniu od umowy oraz zwracanego towaru Sklep zwraca klientowi dokonane przez niego p\u0142atno\u015bci, w tym koszty dostarczenia produktu. Klient ponosi jedynie bezpo\u015brednie koszty zwrotu produktu.<\/li><li>Zwrot p\u0142atno\u015bci zostanie dokonany takim samym sposobem, w jaki zosta\u0142a ona poniesiona, chyba \u017ce jest to niemo\u017cliwe (w takim przypadku &#8211; przelewem na wskazane konto bankowe).<\/li><li>Klient odpowiada za zmniejszenie warto\u015bci towaru wynikaj\u0105ce z korzystania z niego w spos\u00f3b inny ni\u017c by\u0142o to konieczne do stwierdzenia jego charakteru, cech i funkcjonowania.<\/li><li>W razie wszelkich niezgodno\u015bci zawarto\u015bci paczki ze z\u0142o\u017conym zam\u00f3wieniem, uszkodzenia produktu lub braku element\u00f3w klient mo\u017ce z\u0142o\u017cy\u0107 reklamacj\u0119 pod adresem e-mail\u00a0<a href=\"mailto:midgard@midgardboardgames.pl\">midgard@midgardboardgames.pl<\/a>\u00a0podaj\u0105c dane niezb\u0119dne do identyfikacji zam\u00f3wienia (np. adres dostawy, numer zam\u00f3wienia, itp.) i dok\u0142adnie opisuj\u0105c problem.<\/li><li>Wszystkie towary obj\u0119te s\u0105 gwarancj\u0105 producenta.<\/li><li>Towar uszkodzony zostanie wymieniony na inny, pe\u0142nowarto\u015bciowy, a je\u015bli b\u0119dzie to ju\u017c niemo\u017cliwe klient mo\u017ce zdecydowa\u0107 czy Sklep zwr\u00f3ci nabywcy r\u00f3wnowarto\u015b\u0107 ceny produktu, zaakceptuje obni\u017con\u0105 cen\u0119 lub wybierze inne, dost\u0119pne w sklepie towary do wyboru.<\/li><li>Reklamacje s\u0105 rozpatrywane w terminie do 14 dni<\/li><li>W przypadku konieczno\u015bci zwrotu produktu Sklep wysy\u0142a do Klienta etykiet\u0119 nadawcz\u0105 dla kuriera. Klient we w\u0142asnym zakresie ustala z firm\u0105 kuriersk\u0105 dogodny dla Siebie termin odbioru przesy\u0142ki z reklamowanym produktem. Klient nie ponosi \u017cadnych koszt\u00f3w zwi\u0105zanych z odes\u0142aniem reklamowanego produktu.<\/li><li>W przypadku gdy w wyniku reklamacji nast\u0119puje zwrot towaru, Sklep zwraca klientowi pe\u0142n\u0105 kwot\u0119 zap\u0142acon\u0105 za towar oraz koszt dostawy.<\/li><li>Klient mo\u017ce skorzysta\u0107 z pozas\u0105dowych sposob\u00f3w rozpatrywania reklamacji i dochodzenia roszcze\u0144.<br>Chc\u0105c skorzysta\u0107 z mo\u017cliwo\u015bci polubownego rozwi\u0105zywania spor\u00f3w dotycz\u0105cych zakup\u00f3w internetowych, Klient mo\u017ce z\u0142o\u017cy\u0107 swoj\u0105 skarg\u0119 za po\u015brednictwem unijnej platformy internetowej ODR, dost\u0119pnej pod adresem:\u00a0<a href=\"http:\/\/ec.europa.eu\/consumers\/odr\/\">http:\/\/ec.europa.eu\/consumers\/odr\/<\/a><\/li><li>W sprawach nieuregulowanych niniejszym regulaminem maj\u0105 zastosowanie przepisy Kodeku cywilnego oraz ustawy z dnia 30 maja 2014 roku o prawach konsumenta.<\/li><\/ol>\n\n\n\n<p><\/p>\n","protected":false},"excerpt":{"rendered":"<p>Sklep internetowy&nbsp;https:\/\/midgardboardgames.pl\/&nbsp;prowadzony jest przez firm\u0119&nbsp;IT Solutions Jakub Markowski NIP: 1132508500, REGON: 361546883 z siedzib\u0105 przy ul. Z\u0105bkowskiej 23\/25 , 03-736 Warszawa, wpisan\u0105 do Centralnej Ewidencji Dzia\u0142alno\u015bci Gospodarczej Sklep internetowy prowadzi sprzeda\u017c za po\u015brednictwem sieci Internet. Wszelkie informacje na temat Sklepu, zam\u00f3wie\u0144, reklamacji, itp. mo\u017cna uzyska\u0107 pod numerem telefonu\u00a0501 142 299 (op\u0142ata zgodnie z cennikiem operatora) [&hellip;]<\/p>\n","protected":false},"author":1,"featured_media":0,"parent":0,"menu_order":0,"comment_status":"closed","ping_status":"closed","template":"","meta":{"footnotes":""},"_links":{"self":[{"href":"https:\/\/midgardboardgames.com\/index.php?rest_route=\/wp\/v2\/pages\/31"}],"collection":[{"href":"https:\/\/midgardboardgames.com\/index.php?rest_route=\/wp\/v2\/pages"}],"about":[{"href":"https:\/\/midgardboardgames.com\/index.php?rest_route=\/wp\/v2\/types\/page"}],"author":[{"embeddable":true,"href":"https:\/\/midgardboardgames.com\/index.php?rest_route=\/wp\/v2\/users\/1"}],"replies":[{"embeddable":true,"href":"https:\/\/midgardboardgames.com\/index.php?rest_route=%2Fwp%2Fv2%2Fcomments&post=31"}],"version-history":[{"count":3,"href":"https:\/\/midgardboardgames.com\/index.php?rest_route=\/wp\/v2\/pages\/31\/revisions"}],"predecessor-version":[{"id":145,"href":"https:\/\/midgardboardgames.com\/index.php?rest_route=\/wp\/v2\/pages\/31\/revisions\/145"}],"wp:attachment":[{"href":"https:\/\/midgardboardgames.com\/index.php?rest_route=%2Fwp%2Fv2%2Fmedia&parent=31"}],"curies":[{"name":"wp","href":"https:\/\/api.w.org\/{rel}","templated":true}]}}