{"id":38,"date":"2020-07-05T20:05:10","date_gmt":"2020-07-05T20:05:10","guid":{"rendered":"https:\/\/midgardboardgames.yum.pl\/?page_id=38"},"modified":"2020-07-11T16:03:33","modified_gmt":"2020-07-11T16:03:33","slug":"formy-platnosci","status":"publish","type":"page","link":"https:\/\/midgardboardgames.com\/?page_id=38","title":{"rendered":"Formy p\u0142atno\u015bci"},"content":{"rendered":"\n<p>Kupuj\u0105c od nas swoje ulubione gry mo\u017cesz zap\u0142aci\u0107 na kilka sposob\u00f3w:&nbsp;<\/p>\n\n\n\n<p><strong>Przelew na konto<\/strong>: na wp\u0142at\u0119 czekamy 7 dni roboczych. Po up\u0142ywie tego terminu zam\u00f3wienie jest anulowane. Wp\u0142aty mo\u017cna dokona\u0107 z dowolnego banku lub na poczcie na rachunek (w tytule przelewu prosimy poda\u0107 nr zam\u00f3wienia):<\/p>\n\n\n\n<p>Jakub Markowski<\/p>\n\n\n\n<p>ul. Z\u0105bkowska 23\/25<\/p>\n\n\n\n<p>03-736 Warszawa<\/p>\n\n\n\n<p>Konto bankowe: mBank: 95 1140 2004 0000 3602 7788 6966<\/p>\n\n\n\n<p><strong>P\u0142atno\u015bci elektroniczne<\/strong>:<\/p>\n\n\n\n<p>Rozliczenia p\u0142atno\u015bci online przeprowadzane s\u0105 przez tpay.com<\/p>\n\n\n\n<figure class=\"wp-block-image size-large\"><a href=\"https:\/\/tpay.com\/jak-to-dziala\"><img decoding=\"async\" src=\"https:\/\/tpay.com\/img\/banners\/tpay-768x90.svg\" alt=\"\"\/><\/a><\/figure>\n\n\n\n<p><\/p>\n","protected":false},"excerpt":{"rendered":"<p>Kupuj\u0105c od nas swoje ulubione gry mo\u017cesz zap\u0142aci\u0107 na kilka sposob\u00f3w:&nbsp; Przelew na konto: na wp\u0142at\u0119 czekamy 7 dni roboczych. Po up\u0142ywie tego terminu zam\u00f3wienie jest anulowane. Wp\u0142aty mo\u017cna dokona\u0107 z dowolnego banku lub na poczcie na rachunek (w tytule przelewu prosimy poda\u0107 nr zam\u00f3wienia): Jakub Markowski ul. Z\u0105bkowska 23\/25 03-736 Warszawa Konto bankowe: mBank: [&hellip;]<\/p>\n","protected":false},"author":1,"featured_media":0,"parent":0,"menu_order":0,"comment_status":"closed","ping_status":"closed","template":"","meta":{"footnotes":""},"_links":{"self":[{"href":"https:\/\/midgardboardgames.com\/index.php?rest_route=\/wp\/v2\/pages\/38"}],"collection":[{"href":"https:\/\/midgardboardgames.com\/index.php?rest_route=\/wp\/v2\/pages"}],"about":[{"href":"https:\/\/midgardboardgames.com\/index.php?rest_route=\/wp\/v2\/types\/page"}],"author":[{"embeddable":true,"href":"https:\/\/midgardboardgames.com\/index.php?rest_route=\/wp\/v2\/users\/1"}],"replies":[{"embeddable":true,"href":"https:\/\/midgardboardgames.com\/index.php?rest_route=%2Fwp%2Fv2%2Fcomments&post=38"}],"version-history":[{"count":4,"href":"https:\/\/midgardboardgames.com\/index.php?rest_route=\/wp\/v2\/pages\/38\/revisions"}],"predecessor-version":[{"id":150,"href":"https:\/\/midgardboardgames.com\/index.php?rest_route=\/wp\/v2\/pages\/38\/revisions\/150"}],"wp:attachment":[{"href":"https:\/\/midgardboardgames.com\/index.php?rest_route=%2Fwp%2Fv2%2Fmedia&parent=38"}],"curies":[{"name":"wp","href":"https:\/\/api.w.org\/{rel}","templated":true}]}}