{"id":201,"date":"2024-02-12T21:54:15","date_gmt":"2024-02-12T21:54:15","guid":{"rendered":"https:\/\/midgardboardgames.com\/?post_type=product&#038;p=201"},"modified":"2024-02-14T20:46:32","modified_gmt":"2024-02-14T20:46:32","slug":"insert-maracaibo-maracaibo-powstanie","status":"publish","type":"product","link":"https:\/\/midgardboardgames.com\/?product=insert-maracaibo-maracaibo-powstanie","title":{"rendered":"Insert do Maracaibo (z dodatkiem Maracaibo Powstanie)"},"content":{"rendered":"<p data-sourcepos=\"3:1-3:71\"><strong>Zorganizuj i usprawnij rozgrywk\u0119 w Maracaibo i Maracaibo Powstanie!<\/strong><\/p>\n<p data-sourcepos=\"5:1-5:3\">Ten insert do gry Maracaibo zosta\u0142 zaprojektowany, aby pomie\u015bci\u0107 wszystkie elementy gry podstawowej oraz dodatku Maracaibo Powstanie (Maracaibo Uprising) w pude\u0142ku od gry podstawowej.<\/p>\n<p data-sourcepos=\"7:1-7:22\"><strong>Co zawiera insert:<\/strong><\/p>\n<ul data-sourcepos=\"9:1-9:40\">\n<li data-sourcepos=\"9:1-9:40\"><strong>23 niestandardowych tray&#8217;i na \u017cetony i kafle, m.in:<\/strong>\n<ul data-sourcepos=\"10:5-10:94\">\n<li data-sourcepos=\"10:5-10:94\">3 wyr\u00f3\u017cniaj\u0105ce si\u0119 tray&#8217;e na znaczniki wp\u0142yw\u00f3w nacji, tray&#8217;e na kafle walki i zada\u0144, kt\u00f3re mo\u017cna wyj\u0105\u0107 z pude\u0142ka i od razu po\u0142o\u017cy\u0107 na planszy.<\/li>\n<li data-sourcepos=\"11:5-11:25\">2 tray&#8217;e na monety.<\/li>\n<li data-sourcepos=\"12:5-12:36\">4 tray&#8217;e na komponenty graczy.<\/li>\n<li data-sourcepos=\"13:5-13:93\">5 tray&#8217;i do segregacji i szybkiego wyszukiwania kafelk\u00f3w modyfikuj\u0105cych g\u0142\u00f3wn\u0105 plansz\u0119.<\/li>\n<\/ul>\n<\/li>\n<li data-sourcepos=\"14:1-17:0\"><strong>2 specjalne pojemniki na karty:<\/strong>\n<ul data-sourcepos=\"15:5-17:0\">\n<li data-sourcepos=\"15:5-15:36\">Pomieszcz\u0105 karty w koszulkach.<\/li>\n<li data-sourcepos=\"16:5-17:0\">Zaprojektowane tak,\u00a0aby zakoszulkowane karty nie wyskakiwa\u0142y.<\/li>\n<\/ul>\n<\/li>\n<\/ul>\n<p data-sourcepos=\"18:1-18:30\"><strong>Korzy\u015bci z u\u017cycia insertu:<\/strong><\/p>\n<ul data-sourcepos=\"20:1-20:15\">\n<li data-sourcepos=\"20:1-20:15\"><strong>Organizacja:<\/strong>\u00a0Wszystkie elementy gry s\u0105 uporz\u0105dkowane i \u0142atwo dost\u0119pne.<\/li>\n<li data-sourcepos=\"21:1-21:96\"><strong>Przechowywanie:<\/strong>\u00a0Insert zapewnia miejsce na wszystkie komponenty gry podstawowej i dodatku.<\/li>\n<li data-sourcepos=\"22:1-22:84\"><strong>Kompatybilno\u015b\u0107 z koszulkami:<\/strong>\u00a0Pojemniki na karty pomieszcz\u0105 karty w koszulkach.<\/li>\n<li data-sourcepos=\"23:1-23:86\"><strong>Szybki setup i teardown:<\/strong>\u00a0Insert umo\u017cliwia szybsze rozstawienie i spakowanie gry.<\/li>\n<li data-sourcepos=\"24:1-25:0\"><strong>Pe\u0142ne zamkni\u0119cie:<\/strong>\u00a0Po umieszczeniu wszystkich element\u00f3w w pude\u0142ku,\u00a0g\u00f3rna cz\u0119\u015b\u0107 zamyka si\u0119 bez problemu.<\/li>\n<\/ul>\n<p data-sourcepos=\"26:1-26:20\"><strong>Zdj\u0119cia insertu:<\/strong><\/p>\n<ul data-sourcepos=\"28:1-31:79\">\n<li data-sourcepos=\"28:1-28:105\">Niestandardowe tray&#8217;e na \u017cetony i kafle 1:<\/li>\n<\/ul>\n<p><img loading=\"lazy\" decoding=\"async\" class=\"size-medium wp-image-202 aligncenter\" src=\"https:\/\/midgardboardgames.com\/wp-content\/uploads\/2024\/02\/trays-300x241.jpg\" alt=\"\" width=\"300\" height=\"241\" srcset=\"https:\/\/midgardboardgames.com\/wp-content\/uploads\/2024\/02\/trays-300x241.jpg 300w, https:\/\/midgardboardgames.com\/wp-content\/uploads\/2024\/02\/trays-1024x821.jpg 1024w, https:\/\/midgardboardgames.com\/wp-content\/uploads\/2024\/02\/trays-768x616.jpg 768w, https:\/\/midgardboardgames.com\/wp-content\/uploads\/2024\/02\/trays-1536x1231.jpg 1536w, https:\/\/midgardboardgames.com\/wp-content\/uploads\/2024\/02\/trays-2048x1642.jpg 2048w, https:\/\/midgardboardgames.com\/wp-content\/uploads\/2024\/02\/trays-416x334.jpg 416w\" sizes=\"(max-width: 300px) 100vw, 300px\" \/><\/p>\n<ul data-sourcepos=\"28:1-31:79\">\n<li data-sourcepos=\"29:1-29:97\">Tray&#8217;e na znaczniki wp\u0142yw\u00f3w nacji:<\/li>\n<\/ul>\n<p><img loading=\"lazy\" decoding=\"async\" class=\"size-medium wp-image-203 aligncenter\" src=\"https:\/\/midgardboardgames.com\/wp-content\/uploads\/2024\/02\/trays_2-300x225.jpg\" alt=\"\" width=\"300\" height=\"225\" srcset=\"https:\/\/midgardboardgames.com\/wp-content\/uploads\/2024\/02\/trays_2-300x225.jpg 300w, https:\/\/midgardboardgames.com\/wp-content\/uploads\/2024\/02\/trays_2-1024x768.jpg 1024w, https:\/\/midgardboardgames.com\/wp-content\/uploads\/2024\/02\/trays_2-768x576.jpg 768w, https:\/\/midgardboardgames.com\/wp-content\/uploads\/2024\/02\/trays_2-1536x1152.jpg 1536w, https:\/\/midgardboardgames.com\/wp-content\/uploads\/2024\/02\/trays_2-2048x1536.jpg 2048w, https:\/\/midgardboardgames.com\/wp-content\/uploads\/2024\/02\/trays_2-416x312.jpg 416w\" sizes=\"(max-width: 300px) 100vw, 300px\" \/><\/p>\n<ul data-sourcepos=\"28:1-31:79\">\n<li data-sourcepos=\"30:1-30:105\">Niestandardowe tray&#8217;e na \u017cetony i kafle 2:<\/li>\n<\/ul>\n<p><img loading=\"lazy\" decoding=\"async\" class=\"size-medium wp-image-204 aligncenter\" src=\"https:\/\/midgardboardgames.com\/wp-content\/uploads\/2024\/02\/trays_5-300x225.jpg\" alt=\"\" width=\"300\" height=\"225\" srcset=\"https:\/\/midgardboardgames.com\/wp-content\/uploads\/2024\/02\/trays_5-300x225.jpg 300w, https:\/\/midgardboardgames.com\/wp-content\/uploads\/2024\/02\/trays_5-1024x768.jpg 1024w, https:\/\/midgardboardgames.com\/wp-content\/uploads\/2024\/02\/trays_5-768x576.jpg 768w, https:\/\/midgardboardgames.com\/wp-content\/uploads\/2024\/02\/trays_5-1536x1152.jpg 1536w, https:\/\/midgardboardgames.com\/wp-content\/uploads\/2024\/02\/trays_5-2048x1536.jpg 2048w, https:\/\/midgardboardgames.com\/wp-content\/uploads\/2024\/02\/trays_5-416x312.jpg 416w\" sizes=\"(max-width: 300px) 100vw, 300px\" \/><\/p>\n<ul data-sourcepos=\"28:1-31:79\">\n<li data-sourcepos=\"31:1-31:79\">Tray na \u017cetony:<\/li>\n<\/ul>\n<p><img loading=\"lazy\" decoding=\"async\" class=\"size-medium wp-image-205 aligncenter\" src=\"https:\/\/midgardboardgames.com\/wp-content\/uploads\/2024\/02\/trays_8-300x268.jpg\" alt=\"\" width=\"300\" height=\"268\" srcset=\"https:\/\/midgardboardgames.com\/wp-content\/uploads\/2024\/02\/trays_8-300x268.jpg 300w, https:\/\/midgardboardgames.com\/wp-content\/uploads\/2024\/02\/trays_8-1024x916.jpg 1024w, https:\/\/midgardboardgames.com\/wp-content\/uploads\/2024\/02\/trays_8-768x687.jpg 768w, https:\/\/midgardboardgames.com\/wp-content\/uploads\/2024\/02\/trays_8-1536x1374.jpg 1536w, https:\/\/midgardboardgames.com\/wp-content\/uploads\/2024\/02\/trays_8-2048x1831.jpg 2048w, https:\/\/midgardboardgames.com\/wp-content\/uploads\/2024\/02\/trays_8-416x372.jpg 416w\" sizes=\"(max-width: 300px) 100vw, 300px\" \/><\/p>\n<ul data-sourcepos=\"28:1-31:79\">\n<li data-sourcepos=\"32:1-32:80\">Tray&#8217;e na monety:<\/li>\n<\/ul>\n<p><img loading=\"lazy\" decoding=\"async\" class=\"size-medium wp-image-206 aligncenter\" src=\"https:\/\/midgardboardgames.com\/wp-content\/uploads\/2024\/02\/trays_4-300x225.jpg\" alt=\"\" width=\"300\" height=\"225\" srcset=\"https:\/\/midgardboardgames.com\/wp-content\/uploads\/2024\/02\/trays_4-300x225.jpg 300w, https:\/\/midgardboardgames.com\/wp-content\/uploads\/2024\/02\/trays_4-1024x768.jpg 1024w, https:\/\/midgardboardgames.com\/wp-content\/uploads\/2024\/02\/trays_4-768x576.jpg 768w, https:\/\/midgardboardgames.com\/wp-content\/uploads\/2024\/02\/trays_4-1536x1152.jpg 1536w, https:\/\/midgardboardgames.com\/wp-content\/uploads\/2024\/02\/trays_4-2048x1536.jpg 2048w, https:\/\/midgardboardgames.com\/wp-content\/uploads\/2024\/02\/trays_4-416x312.jpg 416w\" sizes=\"(max-width: 300px) 100vw, 300px\" \/><\/p>\n<ul data-sourcepos=\"28:1-31:79\">\n<li data-sourcepos=\"33:1-33:82\">Pojemniki na karty:<\/li>\n<\/ul>\n<p><img loading=\"lazy\" decoding=\"async\" class=\"size-medium wp-image-207 aligncenter\" src=\"https:\/\/midgardboardgames.com\/wp-content\/uploads\/2024\/02\/trays_6-297x300.jpg\" alt=\"\" width=\"297\" height=\"300\" srcset=\"https:\/\/midgardboardgames.com\/wp-content\/uploads\/2024\/02\/trays_6-297x300.jpg 297w, https:\/\/midgardboardgames.com\/wp-content\/uploads\/2024\/02\/trays_6-1013x1024.jpg 1013w, https:\/\/midgardboardgames.com\/wp-content\/uploads\/2024\/02\/trays_6-768x777.jpg 768w, https:\/\/midgardboardgames.com\/wp-content\/uploads\/2024\/02\/trays_6-1519x1536.jpg 1519w, https:\/\/midgardboardgames.com\/wp-content\/uploads\/2024\/02\/trays_6-2025x2048.jpg 2025w, https:\/\/midgardboardgames.com\/wp-content\/uploads\/2024\/02\/trays_6-416x421.jpg 416w, https:\/\/midgardboardgames.com\/wp-content\/uploads\/2024\/02\/trays_6-100x100.jpg 100w\" sizes=\"(max-width: 297px) 100vw, 297px\" \/><\/p>\n<ul data-sourcepos=\"28:1-31:79\">\n<li data-sourcepos=\"34:1-34:91\">Tray&#8217;e na komponenty gracza:<\/li>\n<\/ul>\n<p><img loading=\"lazy\" decoding=\"async\" class=\"size-medium wp-image-208 aligncenter\" src=\"https:\/\/midgardboardgames.com\/wp-content\/uploads\/2024\/02\/trays_7-300x225.jpg\" alt=\"\" width=\"300\" height=\"225\" srcset=\"https:\/\/midgardboardgames.com\/wp-content\/uploads\/2024\/02\/trays_7-300x225.jpg 300w, https:\/\/midgardboardgames.com\/wp-content\/uploads\/2024\/02\/trays_7-1024x768.jpg 1024w, https:\/\/midgardboardgames.com\/wp-content\/uploads\/2024\/02\/trays_7-768x576.jpg 768w, https:\/\/midgardboardgames.com\/wp-content\/uploads\/2024\/02\/trays_7-1536x1152.jpg 1536w, https:\/\/midgardboardgames.com\/wp-content\/uploads\/2024\/02\/trays_7-2048x1536.jpg 2048w, https:\/\/midgardboardgames.com\/wp-content\/uploads\/2024\/02\/trays_7-416x312.jpg 416w\" sizes=\"(max-width: 300px) 100vw, 300px\" \/><\/p>\n<ul data-sourcepos=\"28:1-31:79\">\n<li data-sourcepos=\"35:1-36:0\">5 niestandardowych tray&#8217;i do segregacji kafelk\u00f3w mapy:<\/li>\n<\/ul>\n<p><img loading=\"lazy\" decoding=\"async\" class=\"size-medium wp-image-209 aligncenter\" src=\"https:\/\/midgardboardgames.com\/wp-content\/uploads\/2024\/02\/trays_3-300x225.jpg\" alt=\"\" width=\"300\" height=\"225\" srcset=\"https:\/\/midgardboardgames.com\/wp-content\/uploads\/2024\/02\/trays_3-300x225.jpg 300w, https:\/\/midgardboardgames.com\/wp-content\/uploads\/2024\/02\/trays_3-1024x768.jpg 1024w, https:\/\/midgardboardgames.com\/wp-content\/uploads\/2024\/02\/trays_3-768x576.jpg 768w, https:\/\/midgardboardgames.com\/wp-content\/uploads\/2024\/02\/trays_3-1536x1152.jpg 1536w, https:\/\/midgardboardgames.com\/wp-content\/uploads\/2024\/02\/trays_3-2048x1536.jpg 2048w, https:\/\/midgardboardgames.com\/wp-content\/uploads\/2024\/02\/trays_3-416x312.jpg 416w\" sizes=\"(max-width: 300px) 100vw, 300px\" \/><\/p>\n<p data-sourcepos=\"37:1-37:17\"><strong>Podsumowuj\u0105c:<\/strong><\/p>\n<p data-sourcepos=\"39:1-39:281\">Insert do gry Maracaibo to doskona\u0142e rozwi\u0105zanie dla ka\u017cdego gracza, kt\u00f3ry chce zorganizowa\u0107 i usprawni\u0107 rozgrywk\u0119 w Maracaibo i Maracaibo Powstanie. Insert zapewnia miejsce na wszystkie komponenty gry, u\u0142atwia ich przechowywanie i pozwala na szybsze rozstawienie i spakowanie gry.<\/p>\n<p data-sourcepos=\"41:1-41:10\"><strong>Uwaga:<\/strong><\/p>\n<p>Insert jest produktem samodzielnym.\u00a0Do insertu nie jest do\u0142\u0105czana ani gra podstawowa Maracaibo ani dodatek Maracaibo Powstanie.<\/p>\n<p data-sourcepos=\"49:1-49:25\"><strong>Dodatkowe informacje:<\/strong><\/p>\n<ul data-sourcepos=\"51:1-54:0\">\n<li data-sourcepos=\"51:1-51:46\">Insert wykonany jest z biodegradowalnego PLA.<\/li>\n<li data-sourcepos=\"51:1-51:46\">Strona pokazuj\u0105ca organizacj\u0119 element\u00f3w : <a href=\"https:\/\/midgardboardgames.com\/?page_id=216\">Link<\/a><\/li>\n<\/ul>\n<p data-sourcepos=\"55:1-55:78\"><strong>Je\u015bli masz jakie\u015b pytania dotycz\u0105ce insertu, skontaktuj si\u0119 z nami.<\/strong><\/p>\n","protected":false},"excerpt":{"rendered":"<p data-sourcepos=\"3:1-3:71\"><strong>Zorganizuj i usprawnij rozgrywk\u0119 w Maracaibo i Maracaibo Powstanie!<\/strong><\/p>\n<p data-sourcepos=\"5:1-5:5\"><strong>Ten insert do gry Maracaibo:<\/strong><\/p>\n<ul data-sourcepos=\"7:1-7:113\">\n<li data-sourcepos=\"7:1-7:113\">Umo\u017cliwia uporz\u0105dkowanie i przechowywanie wszystkich element\u00f3w gry podstawowej oraz dodatku Maracaibo Powstanie w pude\u0142ku od gry podstawowej.<\/li>\n<li data-sourcepos=\"8:1-8:40\">Zapewnia pe\u0142ne zamkni\u0119cie si\u0119 pude\u0142ka.<\/li>\n<li data-sourcepos=\"9:1-9:45\">Pozwala na przechowywanie wszystkich kart w koszulkach ochronnych.<\/li>\n<li data-sourcepos=\"10:1-11:0\">Umo\u017cliwia szybsze rozstawienie i spakowanie gry.<\/li>\n<\/ul>\n<p data-sourcepos=\"12:1-12:25\"><strong>Z insertem Maracaibo:<\/strong><\/p>\n<ul data-sourcepos=\"14:1-17:0\">\n<li data-sourcepos=\"14:1-14:28\">Po\u017cegnasz chaos i ba\u0142agan!<\/li>\n<li data-sourcepos=\"15:1-15:50\">Zyskasz wi\u0119cej czasu na podb\u00f3j karaibskich wysp!<\/li>\n<\/ul>\n","protected":false},"featured_media":223,"comment_status":"open","ping_status":"closed","template":"","meta":[],"product_cat":[35],"product_tag":[],"_links":{"self":[{"href":"https:\/\/midgardboardgames.com\/index.php?rest_route=\/wp\/v2\/product\/201"}],"collection":[{"href":"https:\/\/midgardboardgames.com\/index.php?rest_route=\/wp\/v2\/product"}],"about":[{"href":"https:\/\/midgardboardgames.com\/index.php?rest_route=\/wp\/v2\/types\/product"}],"replies":[{"embeddable":true,"href":"https:\/\/midgardboardgames.com\/index.php?rest_route=%2Fwp%2Fv2%2Fcomments&post=201"}],"wp:featuredmedia":[{"embeddable":true,"href":"https:\/\/midgardboardgames.com\/index.php?rest_route=\/wp\/v2\/media\/223"}],"wp:attachment":[{"href":"https:\/\/midgardboardgames.com\/index.php?rest_route=%2Fwp%2Fv2%2Fmedia&parent=201"}],"wp:term":[{"taxonomy":"product_cat","embeddable":true,"href":"https:\/\/midgardboardgames.com\/index.php?rest_route=%2Fwp%2Fv2%2Fproduct_cat&post=201"},{"taxonomy":"product_tag","embeddable":true,"href":"https:\/\/midgardboardgames.com\/index.php?rest_route=%2Fwp%2Fv2%2Fproduct_tag&post=201"}],"curies":[{"name":"wp","href":"https:\/\/api.w.org\/{rel}","templated":true}]}}