{"id":224,"date":"2024-02-14T21:33:37","date_gmt":"2024-02-14T21:33:37","guid":{"rendered":"https:\/\/midgardboardgames.com\/?post_type=product&#038;p=224"},"modified":"2024-02-15T22:47:12","modified_gmt":"2024-02-15T22:47:12","slug":"insert-do-kaskadi-z-dodatkiem-kaskadia-pomniki-przyrody","status":"publish","type":"product","link":"https:\/\/midgardboardgames.com\/?product=insert-do-kaskadi-z-dodatkiem-kaskadia-pomniki-przyrody","title":{"rendered":"Insert do Kaskadi (z dodatkiem Kaskadia Pomniki Przyrody)"},"content":{"rendered":"<p data-sourcepos=\"3:1-3:71\"><strong>Zorganizuj i usprawnij rozgrywk\u0119 w Kaskadi\u0119 wraz z dodatkiem Kaskadia Pomniki!<\/strong><\/p>\n<p data-sourcepos=\"5:1-5:3\">Ten insert do gry Kaskadia zosta\u0142 zaprojektowany, aby pomie\u015bci\u0107 wszystkie elementy gry podstawowej oraz dodatku Kaskadia Pomniki Przyrody w pude\u0142ku od gry podstawowej.<\/p>\n<p data-sourcepos=\"7:1-7:22\"><strong>Co zawiera insert:<\/strong><\/p>\n<ul>\n<li style=\"list-style-type: none;\">\n<ul data-sourcepos=\"7:1-8:28\">\n<li data-sourcepos=\"7:1-8:28\"><strong>4 niestandardowe tray\u2019e na \u017cetony, kafle i karty:<\/strong>\n<ul data-sourcepos=\"8:5-8:28\">\n<li data-sourcepos=\"8:5-8:28\">1 tray organizuj\u0105cy meeple z dodatku Pomniki przyrody.<\/li>\n<li data-sourcepos=\"9:5-9:78\">2 tray&#8217;e na ma\u0142e karty z dodatku pomniki przyrody (Jeden posiada r\u00f3wnie\u017c miejsce na \u017cetony szyszek).<\/li>\n<li data-sourcepos=\"10:5-10:36\">1 tray na du\u017ce karty zwierz\u0105t.<\/li>\n<\/ul>\n<\/li>\n<li data-sourcepos=\"11:1-13:186\"><strong>1 podajnik na kafle:<\/strong>\n<ul data-sourcepos=\"12:5-13:186\">\n<li data-sourcepos=\"12:5-12:143\">Nie tylko estetycznie prezentuje si\u0119 na stole,\u00a0ale r\u00f3wnie\u017c s\u0142u\u017cy do odliczania liczby kafli,\u00a0kt\u00f3re maj\u0105 zosta\u0107 jeszcze u\u017cyte w rozgrywce.<\/li>\n<li data-sourcepos=\"13:5-13:186\">Podajnik sk\u0142ada si\u0119 z 6 wysokich kolumn.\u00a0Ka\u017cda kolumna reprezentuje ilo\u015b\u0107 kafli jak\u0105 nale\u017cy zu\u017cy\u0107 per gracz (+3 kafle.\u00a0Czyli w rozgrywce 4 osobowej opr\u00f3\u017cniliby\u015bmy 4 wysokie kolumny a z pi\u0105tej zu\u017cyliby\u015bmy 3 kafle).<\/li>\n<\/ul>\n<\/li>\n<\/ul>\n<\/li>\n<\/ul>\n<p data-sourcepos=\"18:1-18:30\"><strong>Korzy\u015bci z u\u017cycia insertu:<\/strong><\/p>\n<ul data-sourcepos=\"20:1-20:15\">\n<li data-sourcepos=\"20:1-20:15\"><strong>Organizacja:<\/strong>\u00a0Wszystkie elementy gry s\u0105 uporz\u0105dkowane i \u0142atwo dost\u0119pne.<\/li>\n<li data-sourcepos=\"21:1-21:96\"><strong>Przechowywanie:<\/strong>\u00a0Insert zapewnia miejsce na wszystkie komponenty gry podstawowej i dodatku.<\/li>\n<li data-sourcepos=\"22:1-22:84\"><strong>Kompatybilno\u015b\u0107 z koszulkami:<\/strong>\u00a0Pojemniki na karty pomieszcz\u0105 karty w koszulkach.<\/li>\n<li data-sourcepos=\"23:1-23:86\"><strong>Szybki setup i teardown:<\/strong>\u00a0Insert umo\u017cliwia szybsze rozstawienie i spakowanie gry.<\/li>\n<li data-sourcepos=\"24:1-25:0\"><strong>Pe\u0142ne zamkni\u0119cie:<\/strong>\u00a0Po umieszczeniu wszystkich element\u00f3w w pude\u0142ku,\u00a0g\u00f3rna cz\u0119\u015b\u0107 zamyka si\u0119 bez problemu.<\/li>\n<\/ul>\n<p data-sourcepos=\"26:1-26:20\"><strong>Zdj\u0119cia insertu:<\/strong><\/p>\n<ul>\n<li>Podajnik na kafle:<\/li>\n<\/ul>\n<p><img loading=\"lazy\" decoding=\"async\" class=\"size-medium wp-image-230 aligncenter\" src=\"https:\/\/midgardboardgames.com\/wp-content\/uploads\/2024\/02\/tray_1-300x252.jpg\" alt=\"\" width=\"300\" height=\"252\" srcset=\"https:\/\/midgardboardgames.com\/wp-content\/uploads\/2024\/02\/tray_1-300x252.jpg 300w, https:\/\/midgardboardgames.com\/wp-content\/uploads\/2024\/02\/tray_1-1024x859.jpg 1024w, https:\/\/midgardboardgames.com\/wp-content\/uploads\/2024\/02\/tray_1-768x644.jpg 768w, https:\/\/midgardboardgames.com\/wp-content\/uploads\/2024\/02\/tray_1-1536x1288.jpg 1536w, https:\/\/midgardboardgames.com\/wp-content\/uploads\/2024\/02\/tray_1-2048x1718.jpg 2048w, https:\/\/midgardboardgames.com\/wp-content\/uploads\/2024\/02\/tray_1-416x349.jpg 416w\" sizes=\"(max-width: 300px) 100vw, 300px\" \/><\/p>\n<ul data-sourcepos=\"28:1-31:79\">\n<li data-sourcepos=\"28:1-28:105\">Profilowany tray na meeple z dodatku Pomniki Przyrody:<\/li>\n<\/ul>\n<p><img loading=\"lazy\" decoding=\"async\" class=\"size-medium wp-image-227 aligncenter\" src=\"https:\/\/midgardboardgames.com\/wp-content\/uploads\/2024\/02\/tray_2-300x225.jpg\" alt=\"\" width=\"300\" height=\"225\" srcset=\"https:\/\/midgardboardgames.com\/wp-content\/uploads\/2024\/02\/tray_2-300x225.jpg 300w, https:\/\/midgardboardgames.com\/wp-content\/uploads\/2024\/02\/tray_2-1024x768.jpg 1024w, https:\/\/midgardboardgames.com\/wp-content\/uploads\/2024\/02\/tray_2-768x576.jpg 768w, https:\/\/midgardboardgames.com\/wp-content\/uploads\/2024\/02\/tray_2-1536x1152.jpg 1536w, https:\/\/midgardboardgames.com\/wp-content\/uploads\/2024\/02\/tray_2-2048x1536.jpg 2048w, https:\/\/midgardboardgames.com\/wp-content\/uploads\/2024\/02\/tray_2-416x312.jpg 416w\" sizes=\"(max-width: 300px) 100vw, 300px\" \/><\/p>\n<ul data-sourcepos=\"28:1-31:79\">\n<li data-sourcepos=\"29:1-29:97\">#1 profilowany tray na ma\u0142e karty z dodatku Pomniki Przyrody:<\/li>\n<\/ul>\n<p><img loading=\"lazy\" decoding=\"async\" class=\"size-medium wp-image-228 aligncenter\" src=\"https:\/\/midgardboardgames.com\/wp-content\/uploads\/2024\/02\/tray_3-300x225.jpg\" alt=\"\" width=\"300\" height=\"225\" srcset=\"https:\/\/midgardboardgames.com\/wp-content\/uploads\/2024\/02\/tray_3-300x225.jpg 300w, https:\/\/midgardboardgames.com\/wp-content\/uploads\/2024\/02\/tray_3-1024x768.jpg 1024w, https:\/\/midgardboardgames.com\/wp-content\/uploads\/2024\/02\/tray_3-768x576.jpg 768w, https:\/\/midgardboardgames.com\/wp-content\/uploads\/2024\/02\/tray_3-1536x1152.jpg 1536w, https:\/\/midgardboardgames.com\/wp-content\/uploads\/2024\/02\/tray_3-2048x1536.jpg 2048w, https:\/\/midgardboardgames.com\/wp-content\/uploads\/2024\/02\/tray_3-416x312.jpg 416w\" sizes=\"(max-width: 300px) 100vw, 300px\" \/><\/p>\n<ul data-sourcepos=\"28:1-31:79\">\n<li>#2 profilowany tray na ma\u0142e karty z dodatku Pomniki Przyrody wraz z przegr\u00f3dk\u0105 na \u017cetony szyszek:<\/li>\n<\/ul>\n<p><img loading=\"lazy\" decoding=\"async\" class=\"size-medium wp-image-229 aligncenter\" src=\"https:\/\/midgardboardgames.com\/wp-content\/uploads\/2024\/02\/tray_4-300x225.jpg\" alt=\"\" width=\"300\" height=\"225\" srcset=\"https:\/\/midgardboardgames.com\/wp-content\/uploads\/2024\/02\/tray_4-300x225.jpg 300w, https:\/\/midgardboardgames.com\/wp-content\/uploads\/2024\/02\/tray_4-1024x768.jpg 1024w, https:\/\/midgardboardgames.com\/wp-content\/uploads\/2024\/02\/tray_4-768x576.jpg 768w, https:\/\/midgardboardgames.com\/wp-content\/uploads\/2024\/02\/tray_4-1536x1152.jpg 1536w, https:\/\/midgardboardgames.com\/wp-content\/uploads\/2024\/02\/tray_4-2048x1536.jpg 2048w, https:\/\/midgardboardgames.com\/wp-content\/uploads\/2024\/02\/tray_4-416x312.jpg 416w\" sizes=\"(max-width: 300px) 100vw, 300px\" \/><\/p>\n<ul>\n<li>Tray na du\u017ce karty:<\/li>\n<\/ul>\n<p><img loading=\"lazy\" decoding=\"async\" class=\"size-medium wp-image-231 aligncenter\" src=\"https:\/\/midgardboardgames.com\/wp-content\/uploads\/2024\/02\/tray_5-300x225.jpg\" alt=\"\" width=\"300\" height=\"225\" srcset=\"https:\/\/midgardboardgames.com\/wp-content\/uploads\/2024\/02\/tray_5-300x225.jpg 300w, https:\/\/midgardboardgames.com\/wp-content\/uploads\/2024\/02\/tray_5-1024x768.jpg 1024w, https:\/\/midgardboardgames.com\/wp-content\/uploads\/2024\/02\/tray_5-768x576.jpg 768w, https:\/\/midgardboardgames.com\/wp-content\/uploads\/2024\/02\/tray_5-1536x1152.jpg 1536w, https:\/\/midgardboardgames.com\/wp-content\/uploads\/2024\/02\/tray_5-2048x1536.jpg 2048w, https:\/\/midgardboardgames.com\/wp-content\/uploads\/2024\/02\/tray_5-416x312.jpg 416w\" sizes=\"(max-width: 300px) 100vw, 300px\" \/><\/p>\n<p data-sourcepos=\"37:1-37:17\"><strong>Podsumowuj\u0105c:<\/strong><\/p>\n<p data-sourcepos=\"39:1-39:281\">Insert do gry Kaskadia to doskona\u0142e rozwi\u0105zanie dla ka\u017cdego gracza, kt\u00f3ry chce zorganizowa\u0107 i usprawni\u0107 rozgrywk\u0119 w Kaskadia i rozsze\u017cenie Kaskadia Pomniki Przyrody. Insert zapewnia miejsce na wszystkie komponenty gry, u\u0142atwia ich przechowywanie i pozwala na szybsze rozstawienie i spakowanie gry.<\/p>\n<p data-sourcepos=\"41:1-41:10\"><strong>Uwaga:<\/strong><\/p>\n<p>Insert jest produktem samodzielnym.\u00a0Do insertu nie jest do\u0142\u0105czana ani gra podstawowa Kaskadia ani dodatek Kaskadia Pomniki Przyrody.<\/p>\n<p data-sourcepos=\"49:1-49:25\"><strong>Dodatkowe informacje:<\/strong><\/p>\n<ul data-sourcepos=\"51:1-54:0\">\n<li data-sourcepos=\"51:1-51:46\">Insert wykonany jest z biodegradowalnego PLA.<\/li>\n<li data-sourcepos=\"51:1-51:46\">Strona pokazuj\u0105ca organizacj\u0119 element\u00f3w :\u00a0<a href=\"https:\/\/midgardboardgames.com\/?page_id=232\">Link<\/a><\/li>\n<\/ul>\n<p data-sourcepos=\"55:1-55:78\"><strong>Je\u015bli masz jakie\u015b pytania dotycz\u0105ce insertu, skontaktuj si\u0119 z nami.<\/strong><\/p>\n","protected":false},"excerpt":{"rendered":"<p>Zorganizuj i usprawnij rozgrywk\u0119 w Kaskadi\u0119 wraz z dodatkiem Kaskadia Pomniki! Ten insert do gry Kaskadia zosta\u0142 zaprojektowany, aby pomie\u015bci\u0107 wszystkie elementy gry podstawowej oraz dodatku Kaskadia Pomniki Przyrody w pude\u0142ku od gry podstawowej. Co zawiera insert: 4 niestandardowe tray\u2019e na \u017cetony, kafle i karty: 1 tray organizuj\u0105cy meeple z dodatku Pomniki przyrody. 2 tray&#8217;e [&hellip;]<\/p>\n","protected":false},"featured_media":225,"comment_status":"open","ping_status":"closed","template":"","meta":[],"product_cat":[35],"product_tag":[],"_links":{"self":[{"href":"https:\/\/midgardboardgames.com\/index.php?rest_route=\/wp\/v2\/product\/224"}],"collection":[{"href":"https:\/\/midgardboardgames.com\/index.php?rest_route=\/wp\/v2\/product"}],"about":[{"href":"https:\/\/midgardboardgames.com\/index.php?rest_route=\/wp\/v2\/types\/product"}],"replies":[{"embeddable":true,"href":"https:\/\/midgardboardgames.com\/index.php?rest_route=%2Fwp%2Fv2%2Fcomments&post=224"}],"wp:featuredmedia":[{"embeddable":true,"href":"https:\/\/midgardboardgames.com\/index.php?rest_route=\/wp\/v2\/media\/225"}],"wp:attachment":[{"href":"https:\/\/midgardboardgames.com\/index.php?rest_route=%2Fwp%2Fv2%2Fmedia&parent=224"}],"wp:term":[{"taxonomy":"product_cat","embeddable":true,"href":"https:\/\/midgardboardgames.com\/index.php?rest_route=%2Fwp%2Fv2%2Fproduct_cat&post=224"},{"taxonomy":"product_tag","embeddable":true,"href":"https:\/\/midgardboardgames.com\/index.php?rest_route=%2Fwp%2Fv2%2Fproduct_tag&post=224"}],"curies":[{"name":"wp","href":"https:\/\/api.w.org\/{rel}","templated":true}]}}