{"id":45,"date":"2020-07-05T21:13:21","date_gmt":"2020-07-05T21:13:21","guid":{"rendered":"https:\/\/midgardboardgames.yum.pl\/?post_type=product&#038;p=45"},"modified":"2024-01-07T10:18:14","modified_gmt":"2024-01-07T10:18:14","slug":"getaway-driver-pl","status":"publish","type":"product","link":"https:\/\/midgardboardgames.com\/?product=getaway-driver-pl","title":{"rendered":"Getaway Driver PL"},"content":{"rendered":"<p class=\"western\" align=\"left\"><span style=\"color: #000000;\"><span style=\"font-family: Verdana, Arial, Helvetica, sans-serif;\"><span style=\"font-size: small;\">Inspiruj\u0105ce si\u0119 takimi kinowymi klasykami jak \u201eBullitt\u201d, \u201eW\u0142oska robota\u201d, czy \u201eSzybcy i W\u015bciekli\u201d, gra Getaway Driver wciska ci\u0119 w fotel kierowcy podczas szalonej ucieczki przez zat\u0142oczone miasto. Gra ta oferuje asymetryczn\u0105 mechanik\u0119, kt\u00f3ra przenosi karko\u0142omny po\u015bcig na Tw\u00f3j st\u00f3\u0142, doskonale oddaj\u0105c towarzysz\u0105ce temu emocje. Ze wzgl\u0119du na ten ciekawy rodzaj mechaniki przed graczami stoi mo\u017cliwo\u015b\u0107 do\u015bwiadczenia 2 totalnie r\u00f3\u017cnych przyg\u00f3d w ramach rozgrywki.<\/span><\/span><\/span><\/p>\n<p class=\"western\" align=\"left\"><span style=\"color: #000000;\"><span style=\"font-family: Verdana, Arial, Helvetica, sans-serif;\"><span style=\"font-size: small;\">Graj\u0105c jako kierowca wcielasz si\u0119 w \u015bmia\u0142ka uciekaj\u0105cego przed policj\u0105. Zostajesz prawdziwym mistrzem kierownicy, dla kt\u00f3rego jazda na dw\u00f3ch ko\u0142ach czy zwrot na r\u0119cznym o 90 stopni przy wysokiej pr\u0119dko\u015bci s\u0105 po prostu sposobami radzenia sobie z natr\u0119tno\u015bci\u0105 policji. Twoim g\u0142\u00f3wnym celem jest zgubienie po\u015bcigu i wydostanie si\u0119 z miasta. Pomaga\u0107 b\u0119d\u0105 Ci w tym karty wyczynowej jazdy ilustruj\u0105ce ca\u0142y szereg umiej\u0119tno\u015bci, zdobywane walizki z \u0142upem i przede wszystkim Tw\u00f3j spryt, dzi\u0119ki kt\u00f3remu b\u0119dziesz nieprzewidywalny dla policji.<\/span><\/span><\/span><\/p>\n<p class=\"western\" align=\"left\"><span style=\"color: #000000;\"><span style=\"font-family: Verdana, Arial, Helvetica, sans-serif;\"><span style=\"font-size: small;\">Naprzeciw uciekiniera znajdzie si\u0119 gracz przejmuj\u0105cy panowanie nad lokaln\u0105 policj\u0105. Jednak nie jest to oddzia\u0142 z Pcimia Dolnego. Twoja grupa to uzbrojony po z\u0119by batalion sprz\u0119tu po\u015bcigowego, kt\u00f3ry wykorzystuje liczne narz\u0119dzia i doskona\u0142\u0105 znajomo\u015b\u0107 topografii miasta. Jako str\u00f3\u017c prawa zaczniesz od jednego samochodu patrolowego, kt\u00f3rego za\u0142oga jest w trakcie kolejnego, rutynowego patrolu. Sytuacja robi si\u0119 du\u017co bardziej dynamiczna gdy sk\u0142adaj\u0105 oni meldunek o nieobliczalnym szale\u0144cu mkn\u0105cym przez miasto na z\u0142amanie karku. Policja mo\u017ce w ramach rozgrywki eskalowa\u0107 po\u015bcig o dodatkowe radiowozy, motocykl, w\u00f3z bojowy, a nawet \u015bmig\u0142owiec. Maj\u0105 przy tym jeszcze do dyspozycji takie \u015brodki jak barykady czy kolczatki oraz specjalne umiej\u0119tno\u015bci w ramach Policyjnych Kart Ulepsze\u0144. W mie\u015bcie Getaway Driver nikt nie b\u0119dzie bez konsekwencji robi\u0142 sobie z ulic toru wy\u015bcigowego!<\/span><\/span><\/span><\/p>\n<p class=\"western\" align=\"left\"><strong><span style=\"color: #000000;\"><span style=\"font-family: Verdana, Arial, Helvetica, sans-serif;\"><span style=\"font-size: large;\">Zawarto\u015b\u0107 pude\u0142ka<\/span><\/span><\/span><\/strong><\/p>\n<table>\n<tbody>\n<tr>\n<td>\n<ul>\n<li class=\"western\"><span style=\"font-family: Verdana, Arial, Helvetica, sans-serif;\"><span style=\"font-size: small;\">1 woreczek<\/span><\/span><\/li>\n<li class=\"western\"><span style=\"font-family: Verdana, Arial, Helvetica, sans-serif;\"><span style=\"font-size: small;\">46 kafelk\u00f3w miasta:<\/span><\/span>\n<ul>\n<li style=\"list-style-type: none;\">\n<ul>\n<li class=\"western\"><span style=\"font-family: Verdana, Arial, Helvetica, sans-serif;\"><span style=\"font-size: small;\">10 z zielonym \u015bwiat\u0142em<\/span><\/span><\/li>\n<li class=\"western\"><span style=\"font-family: Verdana, Arial, Helvetica, sans-serif;\"><span style=\"font-size: small;\">22 z \u017c\u00f3\u0142tym \u015bwiat\u0142em<\/span><\/span><\/li>\n<li class=\"western\"><span style=\"font-family: Verdana, Arial, Helvetica, sans-serif;\"><span style=\"font-size: small;\">12 z czerwonym \u015bwiat\u0142em<\/span><\/span><\/li>\n<li class=\"western\"><span style=\"font-family: Verdana, Arial, Helvetica, sans-serif;\"><span style=\"font-size: small;\">1 Pocz\u0105tek po\u015bcigu<\/span><\/span><\/li>\n<li class=\"western\"><span style=\"font-family: Verdana, Arial, Helvetica, sans-serif;\"><span style=\"font-size: small;\">1 Ucieczka z miasta<\/span><\/span><\/li>\n<\/ul>\n<\/li>\n<\/ul>\n<\/li>\n<li class=\"western\"><span style=\"font-family: Verdana, Arial, Helvetica, sans-serif;\"><span style=\"font-size: small;\">1 karta po\u015bcigu \/ pomocy gracza<\/span><\/span><\/li>\n<li class=\"western\"><span style=\"font-family: Verdana, Arial, Helvetica, sans-serif;\"><span style=\"font-size: small;\">1 karta pomocy policji<\/span><\/span><\/li>\n<li class=\"western\"><span style=\"font-family: Verdana, Arial, Helvetica, sans-serif; font-size: small;\">10 dwu funkcyjnych kart Kierowcy<\/span><\/li>\n<li class=\"western\"><span style=\"font-family: Verdana, Arial, Helvetica, sans-serif;\"><span style=\"font-size: small;\">7 policyjnych kart ulepsze\u0144<\/span><\/span><\/li>\n<li class=\"western\"><span style=\"font-family: Verdana, Arial, Helvetica, sans-serif;\"><span style=\"font-size: small;\">12 \u017ceton\u00f3w zagro\u017cenia<\/span><\/span><\/li>\n<li class=\"western\"><span style=\"font-family: Verdana, Arial, Helvetica, sans-serif;\"><span style=\"font-size: small;\">10 \u017ceton\u00f3w odznak policyjnych<\/span><\/span><\/li>\n<\/ul>\n<\/td>\n<td>\n<ul>\n<li class=\"western\"><span style=\"font-family: Verdana, Arial, Helvetica, sans-serif;\"><span style=\"font-size: small;\">1 znacznik po\u015bcigu<\/span><\/span><\/li>\n<li class=\"western\"><span style=\"font-family: Verdana, Arial, Helvetica, sans-serif;\"><span style=\"font-size: small;\">8 \u017ceton\u00f3w \u0142upu<\/span><\/span><\/li>\n<li class=\"western\"><span style=\"font-family: Verdana, Arial, Helvetica, sans-serif;\"><span style=\"font-size: small;\">3 samochody Kierowcy\u00a0<\/span><\/span><\/li>\n<li class=\"western\"><span style=\"font-family: Verdana, Arial, Helvetica, sans-serif;\"><span style=\"font-size: small;\">3 samochody patrolowe\u00a0<\/span><\/span><\/li>\n<li class=\"western\"><span style=\"font-family: Verdana, Arial, Helvetica, sans-serif;\"><span style=\"font-size: small;\">1 motocykl\u00a0<\/span><\/span><\/li>\n<li class=\"western\"><span style=\"font-family: Verdana, Arial, Helvetica, sans-serif;\"><span style=\"font-size: small;\">1 w\u00f3z opancerzony\u00a0<\/span><\/span><\/li>\n<li class=\"western\"><span style=\"font-family: Verdana, Arial, Helvetica, sans-serif;\"><span style=\"font-size: small;\">1 helikopter\u00a0<\/span><\/span><\/li>\n<li class=\"western\"><span style=\"font-family: Verdana, Arial, Helvetica, sans-serif;\"><span style=\"font-size: small;\">3 \u017cetony barykady<\/span><\/span><\/li>\n<li class=\"western\"><span style=\"font-family: Verdana, Arial, Helvetica, sans-serif;\"><span style=\"font-size: small;\">1 \u017ceton kolczatki<\/span><\/span><\/li>\n<li class=\"western\"><span style=\"font-family: Verdana, Arial, Helvetica, sans-serif;\"><span style=\"font-size: small;\">3 przeszkody ograniczaj\u0105ce przestrze\u0144 gry<\/span><\/span><\/li>\n<li class=\"western\"><span style=\"font-family: Verdana, Arial, Helvetica, sans-serif;\"><span style=\"font-size: small;\">6 kart wydarze\u0144<\/span><\/span><\/li>\n<li class=\"western\"><span style=\"font-family: Verdana, Arial, Helvetica, sans-serif;\"><span style=\"font-size: small;\">1 instrukcja<\/span><\/span><\/li>\n<\/ul>\n<\/td>\n<\/tr>\n<\/tbody>\n<\/table>\n<p class=\"western\" align=\"left\"><strong><span style=\"color: #000000;\"><span style=\"font-family: Verdana, Arial, Helvetica, sans-serif;\"><span style=\"font-size: large;\">Recenzje Gry<\/span><\/span><\/span><\/strong><\/p>\n<table>\n<tbody>\n<tr>\n<td><iframe loading=\"lazy\" src=\"https:\/\/www.youtube.com\/embed\/TDtOHfdqGy4\" width=\"560\" height=\"315\" frameborder=\"0\" allowfullscreen=\"allowfullscreen\"><\/iframe><\/td>\n<\/tr>\n<tr>\n<td><em><span style=\"font-family: Verdana, Arial, Helvetica, sans-serif;\"><span style=\"font-size: small;\">&#8222;Emocje na pewno s\u0105. Wynikaj\u0105ce z prostej mechaniki budowania tego po\u015bcigu&#8221;<\/span><\/span><\/em><\/td>\n<\/tr>\n<tr>\n<td><iframe loading=\"lazy\" src=\"https:\/\/www.youtube.com\/embed\/TN4v0E8evsE\" width=\"560\" height=\"315\" frameborder=\"0\" allowfullscreen=\"allowfullscreen\"><\/iframe><\/td>\n<\/tr>\n<tr>\n<td>\n<p class=\"western\" align=\"justify\"><em><span style=\"font-family: Verdana, Arial, Helvetica, sans-serif;\"><span style=\"font-size: small;\">&#8222;Klimat przemawia do mnie, ja faktycznie to czuj\u0119&#8230;Du\u017co gry w ma\u0142ym pude\u0142ku to jest co\u015b, co trzeba uszanowa\u0107&#8230;Decyzje, kt\u00f3re s\u0105 w grze s\u0105 fajne i naprawd\u0119 buduj\u0105 takie napi\u0119cie&#8230;Zdecydowanie m\u00f3g\u0142bym t\u0119 gr\u0119 poleci\u0107&#8221;<\/span><\/span><\/em><\/p>\n<\/td>\n<\/tr>\n<tr>\n<td><iframe loading=\"lazy\" src=\"https:\/\/www.youtube.com\/embed\/r7CgzHS9bjI\" width=\"560\" height=\"315\" frameborder=\"0\" allowfullscreen=\"allowfullscreen\"><\/iframe><\/td>\n<\/tr>\n<tr>\n<td>\n<p class=\"western\" align=\"left\"><em><span style=\"font-family: Verdana, Arial, Helvetica, sans-serif;\"><span style=\"font-size: small;\">&#8222;Bardzo \u0142atwo jest wej\u015b\u0107 w ten klimat. Transporter, Baby Driver. Najbardziej podoba mi si\u0119 element blefu. Du\u017ca regrywalno\u015b\u0107.&#8221;<\/span><\/span><\/em><\/p>\n<\/td>\n<\/tr>\n<\/tbody>\n<\/table>\n","protected":false},"excerpt":{"rendered":"<p class=\"western\" align=\"left\"><span style=\"color: #000000;\"><span style=\"font-family: Verdana, Arial, Helvetica, sans-serif;\"><span style=\"font-size: small;\">Getaway Driver to gra o asymetrycznej mechanice, a wi\u0119c dw\u00f3ch twarzach. Z jednej strony to szalona ucieczka samochodem przez miasto pe\u0142ne przeszk\u00f3d, kt\u00f3re pokona\u0107 mo\u017cna przy u\u017cyciu efektownej jazdy wyczynowej. Z drugiej strony to taktyczny po\u015bcig oddzia\u0142u policji za niebezpiecznym szale\u0144cem w aucie, kt\u00f3ry za nic ma bezpiecze\u0144stwo swoje i innych.<\/span><\/span><\/span><\/p>\n","protected":false},"featured_media":18,"comment_status":"closed","ping_status":"closed","template":"","meta":[],"product_cat":[21],"product_tag":[],"_links":{"self":[{"href":"https:\/\/midgardboardgames.com\/index.php?rest_route=\/wp\/v2\/product\/45"}],"collection":[{"href":"https:\/\/midgardboardgames.com\/index.php?rest_route=\/wp\/v2\/product"}],"about":[{"href":"https:\/\/midgardboardgames.com\/index.php?rest_route=\/wp\/v2\/types\/product"}],"replies":[{"embeddable":true,"href":"https:\/\/midgardboardgames.com\/index.php?rest_route=%2Fwp%2Fv2%2Fcomments&post=45"}],"wp:featuredmedia":[{"embeddable":true,"href":"https:\/\/midgardboardgames.com\/index.php?rest_route=\/wp\/v2\/media\/18"}],"wp:attachment":[{"href":"https:\/\/midgardboardgames.com\/index.php?rest_route=%2Fwp%2Fv2%2Fmedia&parent=45"}],"wp:term":[{"taxonomy":"product_cat","embeddable":true,"href":"https:\/\/midgardboardgames.com\/index.php?rest_route=%2Fwp%2Fv2%2Fproduct_cat&post=45"},{"taxonomy":"product_tag","embeddable":true,"href":"https:\/\/midgardboardgames.com\/index.php?rest_route=%2Fwp%2Fv2%2Fproduct_tag&post=45"}],"curies":[{"name":"wp","href":"https:\/\/api.w.org\/{rel}","templated":true}]}}